{"id":264,"date":"2017-10-02T02:55:16","date_gmt":"2017-10-02T02:55:16","guid":{"rendered":"https:\/\/administradoraintegral.com\/\/\/?page_id=264"},"modified":"2018-01-11T03:44:18","modified_gmt":"2018-01-11T03:44:18","slug":"media-entertainment","status":"publish","type":"page","link":"https:\/\/www.administradoraintegral.com\/?page_id=264","title":{"rendered":"Media &#038; Entertainment"},"content":{"rendered":"<p>[vc_row][vc_column][vc_single_image image=\u00bb312&#8243; img_size=\u00bb1280&#215;600&#8243;][vc_empty_space height=\u00bb10px\u00bb][vc_column_text]<\/p>\n<h3>From on-demand media to digital distribution, media &amp; entertainment leaders choose us to help them work better and work differently.<\/h3>\n<p>Whether it&#8217;s digital asset management, content management, or anti-piracy challenges, GLB is redefining the way media &amp; entertainment companies benefit from global services.[\/vc_column_text][vc_empty_space height=\u00bb40px\u00bb][\/vc_column][\/vc_row][vc_row][vc_column][vc_separator color=\u00bbcustom\u00bb accent_color=\u00bbrgba(2,6,32,0.1)\u00bb][vc_empty_space height=\u00bb50px\u00bb][\/vc_column][\/vc_row][vc_row][vc_column width=\u00bb1\/4&#8243;][vc_custom_heading text=\u00bbWe Serve\u00bb font_container=\u00bbtag:h3|text_align:left\u00bb use_theme_fonts=\u00bbyes\u00bb][vc_empty_space height=\u00bb20px\u00bb][\/vc_column][vc_column width=\u00bb3\/4&#8243;][vc_row_inner][vc_column_inner width=\u00bb1\/2&#8243;][vc_column_text]<\/p>\n<h5 class=\"no-margin-top\"><span style=\"color: #f46137;\">Advertising<\/span><\/h5>\n<p>Staying ahead of the curve with our digital advertising, direct marketing and asset management solutions for creative[\/vc_column_text][vc_empty_space height=\u00bb40px\u00bb][\/vc_column_inner][vc_column_inner width=\u00bb1\/2&#8243;][vc_column_text]<\/p>\n<h5 class=\"no-margin-top\"><span style=\"color: #3366ff;\">Music<br \/>\n<\/span><\/h5>\n<p>IDriving efficiencies in digital content distribution and mobile music.[\/vc_column_text][vc_empty_space height=\u00bb40px\u00bb][\/vc_column_inner][\/vc_row_inner][vc_row_inner][vc_column_inner width=\u00bb1\/2&#8243;][vc_column_text]<\/p>\n<h5 class=\"no-margin-top\"><span style=\"color: #008080;\">Gaming<\/span><\/h5>\n<p>Advancing your game to the next level with innovative customer experience solutions that help deliver efficient, cost-effective.[\/vc_column_text][vc_empty_space height=\u00bb40px\u00bb][\/vc_column_inner][vc_column_inner width=\u00bb1\/2&#8243;][vc_column_text]<\/p>\n<h5 class=\"no-margin-top\"><span style=\"color: #339966;\">Filmed Entertainment<\/span><\/h5>\n<p>Helping studio and entertainment companies accelerate transformation while optimizing legacy business models is one way we.[\/vc_column_text][vc_empty_space height=\u00bb40px\u00bb][\/vc_column_inner][\/vc_row_inner][\/vc_column][\/vc_row][vc_row][vc_column][vc_separator color=\u00bbcustom\u00bb accent_color=\u00bbrgba(2,6,32,0.1)\u00bb][vc_empty_space height=\u00bb50px\u00bb][\/vc_column][\/vc_row][vc_row][vc_column width=\u00bb1\/4&#8243;][vc_custom_heading text=\u00bbSolutions\u00bb font_container=\u00bbtag:h3|text_align:left\u00bb use_theme_fonts=\u00bbyes\u00bb][vc_empty_space height=\u00bb20px\u00bb][\/vc_column][vc_column width=\u00bb3\/4&#8243;][vc_column_text]Learn more about our pre-built solutions and consulting services well suited to M&amp;E companies.[\/vc_column_text][vc_empty_space height=\u00bb30px\u00bb][vc_row_inner][vc_column_inner width=\u00bb1\/2&#8243;][vc_column_text]<\/p>\n<h5 class=\"no-margin-top\">Enabling Content Transformation in the Digital\u2011Age<\/h5>\n<p>GLB ContentWorks facilitates transformation of content ecosystems to address challenges of an increasingly digitalized and global content industry; using Automation, Platforms and Digital.[\/vc_column_text][vc_empty_space height=\u00bb40px\u00bb][\/vc_column_inner][vc_column_inner width=\u00bb1\/2&#8243;][vc_empty_space height=\u00bb5px\u00bb][vc_video][vc_empty_space height=\u00bb40px\u00bb][\/vc_column_inner][\/vc_row_inner][\/vc_column][\/vc_row][vc_row][vc_column][vc_separator color=\u00bbcustom\u00bb accent_color=\u00bbrgba(2,6,32,0.1)\u00bb][vc_empty_space height=\u00bb50px\u00bb][\/vc_column][\/vc_row][vc_row][vc_column width=\u00bb1\/4&#8243;][vc_custom_heading text=\u00bbOur Thinking\u00bb font_container=\u00bbtag:h3|text_align:left\u00bb use_theme_fonts=\u00bbyes\u00bb][vc_empty_space height=\u00bb20px\u00bb][\/vc_column][vc_column width=\u00bb3\/4&#8243;]\n\t<div class=\"blog-shortcode  has-post-content post-thumbnail-cover\">\n\t\t\n\t\t<div class=\"blog-entries\">\n\t\t\t\t\t\t\t<div class=\"entries-wrapper content-inner blog-grid\" data-grid=\"{&quot;itemSelector&quot;:&quot;.post&quot;}\" data-columns=\"2\">\n\t\t\t\t\t\t\t\t\t\t\t\n\t\t\t\t<div class=\"post post-666 type-post status-publish format-standard has-post-thumbnail hentry category-blog\">\n\t\t\t\t\t<div class=\"post-inner\">\t\t\n\t\t\t\t\t\t\t\t\t\t\t\t\t\n\t\t\t\t\t\t\t\t\t\t\t\t\t\t\t\n\t\t\t\t\t\t\t\t<div class=\"post-image\">\n\t\t\t\t\t\t\t\t\t<h2 class=\"post-title\">\n\t\t\t\t\t\t\t\t\t\t<a href=\"https:\/\/www.administradoraintegral.com\/?p=666\">Administraci\u00f3n Integral: \u00bbGerencie el funcionamiento de su condominio\u00bb<\/a>\n\t\t\t\t\t\t\t\t\t<\/h2>\n\t\t\t\t\t\t\t\t\t<span class=\"post-categories\">\n\t\t\t\t\t\t\t\t\t\t<a href=\"https:\/\/www.administradoraintegral.com\/?cat=9\" rel=\"category\">Blog<\/a>\t\t\t\t\t\t\t\t\t<\/span>\n\t\t\t\t\t\t\t\t\t<a class=\"featured-image\" href=\"https:\/\/www.administradoraintegral.com\/?p=666\">\n\t\t\t\t\t\t\t\t\t\t<img loading=\"lazy\" decoding=\"async\" class=\"\" src=\"https:\/\/www.administradoraintegral.com\/wp-content\/uploads\/2025\/10\/674e35ab8ddea5002c010c4f_630f6deafff460ca74c2fcc0_Consejos20prevenir20financieros20un20edificio-600x400.jpeg\" width=\"600\" height=\"400\" alt=\"674e35ab8ddea5002c010c4f_630f6deafff460ca74c2fcc0_Consejos20prevenir20financieros20un20edificio\" title=\"674e35ab8ddea5002c010c4f_630f6deafff460ca74c2fcc0_Consejos20prevenir20financieros20un20edificio\" \/>\t\t\t\t\t\t\t\t\t<\/a>\n\t\t\t\t\t\t\t\t<\/div>\n\n\t\t\t\t\t\t\t\n\t\t\t\t\t\t\n\t\t\t\t\t\t\n\t\t\t\t\t\t\t\t\t\t\t\t\n\t\t\t\t\t\t\t<div class=\"post-content\">\n\t\t\t\t\t\t\t\t<p>\n\t\t\t\t\t\t\t\t\tCon m\u00e1s de 50 a\u00f1os de experiencia, nuestro servicio bandera de administraci\u00f3n es la soluci\u00f3n complet...\t\t\t\t\t\t\t\t<\/p>\n\n\t\t\t\t\t\t\t\t\t\t\t\t\t\t\t<\/div>\n\n\t\t\t\t\t\t\t\t\t\t\t<\/div>\t\t\n\t\t\t\t<\/div>\n\n\t\t\t\t\t\t\t\t\n\t\t\t\t<div class=\"post post-2034 type-post status-publish format-standard has-post-thumbnail hentry category-blog\">\n\t\t\t\t\t<div class=\"post-inner\">\t\t\n\t\t\t\t\t\t\t\t\t\t\t\t\t\n\t\t\t\t\t\t\t\t\t\t\t\t\t\t\t\n\t\t\t\t\t\t\t\t<div class=\"post-image\">\n\t\t\t\t\t\t\t\t\t<h2 class=\"post-title\">\n\t\t\t\t\t\t\t\t\t\t<a href=\"https:\/\/www.administradoraintegral.com\/?p=2034\">Service Administrativo: \u00abTenga el control de la administraci\u00f3n de su condominio\u00bb<\/a>\n\t\t\t\t\t\t\t\t\t<\/h2>\n\t\t\t\t\t\t\t\t\t<span class=\"post-categories\">\n\t\t\t\t\t\t\t\t\t\t<a href=\"https:\/\/www.administradoraintegral.com\/?cat=9\" rel=\"category\">Blog<\/a>\t\t\t\t\t\t\t\t\t<\/span>\n\t\t\t\t\t\t\t\t\t<a class=\"featured-image\" href=\"https:\/\/www.administradoraintegral.com\/?p=2034\">\n\t\t\t\t\t\t\t\t\t\t<img loading=\"lazy\" decoding=\"async\" class=\"\" src=\"https:\/\/www.administradoraintegral.com\/wp-content\/uploads\/2025\/10\/una-persona-trabajando-con-el-teclado-del-ordenador-en-la-oficina-1-600x400.jpeg\" width=\"600\" height=\"400\" alt=\"una-persona-trabajando-con-el-teclado-del-ordenador-en-la-oficina (1)\" title=\"una-persona-trabajando-con-el-teclado-del-ordenador-en-la-oficina (1)\" \/>\t\t\t\t\t\t\t\t\t<\/a>\n\t\t\t\t\t\t\t\t<\/div>\n\n\t\t\t\t\t\t\t\n\t\t\t\t\t\t\n\t\t\t\t\t\t\n\t\t\t\t\t\t\t\t\t\t\t\t\n\t\t\t\t\t\t\t<div class=\"post-content\">\n\t\t\t\t\t\t\t\t<p>\n\t\t\t\t\t\t\t\t\tCon este producto, la Junta de Condominio mantiene el control total de la gesti\u00f3n del edificio. Admi...\t\t\t\t\t\t\t\t<\/p>\n\n\t\t\t\t\t\t\t\t\t\t\t\t\t\t\t<\/div>\n\n\t\t\t\t\t\t\t\t\t\t\t<\/div>\t\t\n\t\t\t\t<\/div>\n\n\t\t\t\t\t\t\t\t\t\t\t<\/div>\n\t\t<\/div>\n\t<\/div>[vc_empty_space height=\u00bb10px\u00bb][\/vc_column][\/vc_row][vc_row][vc_column][vc_separator color=\u00bbcustom\u00bb accent_color=\u00bbrgba(2,6,32,0.1)\u00bb][vc_empty_space height=\u00bb50px\u00bb][\/vc_column][\/vc_row][vc_row][vc_column width=\u00bb1\/4&#8243;][vc_custom_heading text=\u00bbResults\u00bb font_container=\u00bbtag:h3|text_align:left\u00bb use_theme_fonts=\u00bbyes\u00bb][vc_empty_space height=\u00bb20px\u00bb][\/vc_column][vc_column width=\u00bb3\/4&#8243;][vc_column_text]<\/p>\n<h4 class=\"no-margin-top\">Proven Results from our Broadcasting Clients<\/h4>\n<p>The sports division of a major broadcaster needed to consolidate and streamline access to the large volume of content it uses on a weekly basis. We developed a media asset management system that enabled producers to search metadata from a wide variety of sources and review video assets from the desktop. The system has enabled the group to move to HD broadcasting much faster than before.[\/vc_column_text][\/vc_column][\/vc_row]<\/p>\n","protected":false},"excerpt":{"rendered":"<p>[vc_row][vc_column][vc_single_image image=\u00bb312&#8243; img_size=\u00bb1280&#215;600&#8243;][vc_empty_space height=\u00bb10px\u00bb][vc_column_text] From on-demand media to digital distribution, media &amp; entertainment leaders choose us to help them work better and work differently. Whether it&#8217;s digital asset management, content management, or anti-piracy challenges, GLB is redefining the way media &amp; entertainment companies benefit from global services.[\/vc_column_text][vc_empty_space height=\u00bb40px\u00bb][\/vc_column][\/vc_row][vc_row][vc_column][vc_separator color=\u00bbcustom\u00bb accent_color=\u00bbrgba(2,6,32,0.1)\u00bb][vc_empty_space height=\u00bb50px\u00bb][\/vc_column][\/vc_row][vc_row][vc_column width=\u00bb1\/4&#8243;][vc_custom_heading text=\u00bbWe Serve\u00bb font_container=\u00bbtag:h3|text_align:left\u00bb [&hellip;]<\/p>\n","protected":false},"author":1,"featured_media":0,"parent":16,"menu_order":0,"comment_status":"closed","ping_status":"closed","template":"","meta":{"footnotes":""},"class_list":["post-264","page","type-page","status-publish","hentry"],"_links":{"self":[{"href":"https:\/\/www.administradoraintegral.com\/index.php?rest_route=\/wp\/v2\/pages\/264","targetHints":{"allow":["GET"]}}],"collection":[{"href":"https:\/\/www.administradoraintegral.com\/index.php?rest_route=\/wp\/v2\/pages"}],"about":[{"href":"https:\/\/www.administradoraintegral.com\/index.php?rest_route=\/wp\/v2\/types\/page"}],"author":[{"embeddable":true,"href":"https:\/\/www.administradoraintegral.com\/index.php?rest_route=\/wp\/v2\/users\/1"}],"replies":[{"embeddable":true,"href":"https:\/\/www.administradoraintegral.com\/index.php?rest_route=%2Fwp%2Fv2%2Fcomments&post=264"}],"version-history":[{"count":0,"href":"https:\/\/www.administradoraintegral.com\/index.php?rest_route=\/wp\/v2\/pages\/264\/revisions"}],"up":[{"embeddable":true,"href":"https:\/\/www.administradoraintegral.com\/index.php?rest_route=\/wp\/v2\/pages\/16"}],"wp:attachment":[{"href":"https:\/\/www.administradoraintegral.com\/index.php?rest_route=%2Fwp%2Fv2%2Fmedia&parent=264"}],"curies":[{"name":"wp","href":"https:\/\/api.w.org\/{rel}","templated":true}]}}