{"id":268,"date":"2017-10-02T02:55:41","date_gmt":"2017-10-02T02:55:41","guid":{"rendered":"https:\/\/administradoraintegral.com\/\/\/?page_id=268"},"modified":"2018-01-11T03:46:51","modified_gmt":"2018-01-11T03:46:51","slug":"emerging-verticals","status":"publish","type":"page","link":"https:\/\/www.administradoraintegral.com\/?page_id=268","title":{"rendered":"Emerging Verticals"},"content":{"rendered":"<p>[vc_row][vc_column][vc_single_image image=\u00bb309&#8243; img_size=\u00bb1280&#215;600&#8243;][vc_empty_space height=\u00bb10px\u00bb][vc_column_text]<\/p>\n<h3>We are Expanding our Capabilities in Key Emerging Verticals<\/h3>\n<p>From spearheading Digital Engagement initiatives to facilitating completely new business models, we drive digital business forward in these key segments.[\/vc_column_text][vc_empty_space height=\u00bb40px\u00bb][\/vc_column][\/vc_row][vc_row][vc_column][vc_separator color=\u00bbcustom\u00bb accent_color=\u00bbrgba(2,6,32,0.1)\u00bb][vc_empty_space height=\u00bb50px\u00bb][\/vc_column][\/vc_row][vc_row][vc_column width=\u00bb1\/4&#8243;][vc_custom_heading text=\u00bbWe Serve\u00bb font_container=\u00bbtag:h3|text_align:left\u00bb use_theme_fonts=\u00bbyes\u00bb][vc_empty_space height=\u00bb20px\u00bb][\/vc_column][vc_column width=\u00bb3\/4&#8243;][vc_row_inner][vc_column_inner width=\u00bb1\/2&#8243;][vc_column_text]<\/p>\n<h5 class=\"no-margin-top\"><span style=\"color: #f46137;\">Oil &amp; Gas<\/span><\/h5>\n<p>View our portfolio of business and IT services for upstream, mid-stream and downstream operations and how they benefit[\/vc_column_text][vc_empty_space height=\u00bb40px\u00bb][\/vc_column_inner][vc_column_inner width=\u00bb1\/2&#8243;][vc_column_text]<\/p>\n<h5 class=\"no-margin-top\"><span style=\"color: #3366ff;\">Utilities<\/span><\/h5>\n<p>We help utility companies innovate and reinvent their business models while continuing to modernize and streamline operations.[\/vc_column_text][vc_empty_space height=\u00bb40px\u00bb][\/vc_column_inner][\/vc_row_inner][vc_row_inner][vc_column_inner width=\u00bb1\/2&#8243;][vc_column_text]<\/p>\n<h5 class=\"no-margin-top\"><span style=\"color: #008080;\">Customer Experience Management<\/span><\/h5>\n<p>We help the utility industry address a wide range of challenges and gain premier customer experience and cost optimization.[\/vc_column_text][vc_empty_space height=\u00bb40px\u00bb][\/vc_column_inner][vc_column_inner width=\u00bb1\/2&#8243;][vc_column_text]<\/p>\n<h5 class=\"no-margin-top\"><span style=\"color: #339966;\">Automotive<\/span><\/h5>\n<p>From procurement to programming and supply chain management to business performance management, we enable our Automotive clients to reimagine their business for a changing world as we improve operational efficiency, enhance profitability, and realize organizational goals.[\/vc_column_text][vc_empty_space height=\u00bb40px\u00bb][\/vc_column_inner][\/vc_row_inner][\/vc_column][\/vc_row][vc_row][vc_column][vc_separator color=\u00bbcustom\u00bb accent_color=\u00bbrgba(2,6,32,0.1)\u00bb][vc_empty_space height=\u00bb50px\u00bb][\/vc_column][\/vc_row][vc_row][vc_column width=\u00bb1\/4&#8243;][vc_custom_heading text=\u00bbSolutions\u00bb font_container=\u00bbtag:h3|text_align:left\u00bb use_theme_fonts=\u00bbyes\u00bb][vc_empty_space height=\u00bb20px\u00bb][\/vc_column][vc_column width=\u00bb3\/4&#8243;][vc_column_text]GLB&#8217;s solutions and offerings are based on years of work with leading energy and utility companies. They comprise proven methodologies, frameworks and assets to ensure successful outcomes.[\/vc_column_text][vc_empty_space height=\u00bb30px\u00bb][vc_row_inner][vc_column_inner width=\u00bb1\/2&#8243;][vc_column_text]<\/p>\n<h5 class=\"no-margin-top\">Customer Experience Management<\/h5>\n<p>As customer expectations and communication channels evolve, we focus on providing a best\u2011in\u2011class experience leveraging digital expertise.[\/vc_column_text][vc_empty_space height=\u00bb40px\u00bb][\/vc_column_inner][vc_column_inner width=\u00bb1\/2&#8243;][vc_column_text]<\/p>\n<h5 class=\"no-margin-top\">Smarter Utilities<\/h5>\n<p>Built on our experience with early smart grid adopters, Cognizant\u2019s Smarter Utilities solutions are designed to maximize the benefits from smart grid investments.[\/vc_column_text][vc_empty_space height=\u00bb40px\u00bb][\/vc_column_inner][\/vc_row_inner][\/vc_column][\/vc_row][vc_row][vc_column][vc_separator color=\u00bbcustom\u00bb accent_color=\u00bbrgba(2,6,32,0.1)\u00bb][vc_empty_space height=\u00bb50px\u00bb][\/vc_column][\/vc_row][vc_row][vc_column width=\u00bb1\/4&#8243;][vc_custom_heading text=\u00bbOur Thinking\u00bb font_container=\u00bbtag:h3|text_align:left\u00bb use_theme_fonts=\u00bbyes\u00bb][vc_empty_space height=\u00bb20px\u00bb][\/vc_column][vc_column width=\u00bb3\/4&#8243;]\n\t<div class=\"blog-shortcode  has-post-content post-thumbnail-cover\">\n\t\t\n\t\t<div class=\"blog-entries\">\n\t\t\t\t\t\t\t<div class=\"entries-wrapper content-inner blog-grid\" data-grid=\"{&quot;itemSelector&quot;:&quot;.post&quot;}\" data-columns=\"2\">\n\t\t\t\t\t\t\t\t\t\t\t\n\t\t\t\t<div class=\"post post-666 type-post status-publish format-standard has-post-thumbnail hentry category-blog\">\n\t\t\t\t\t<div class=\"post-inner\">\t\t\n\t\t\t\t\t\t\t\t\t\t\t\t\t\n\t\t\t\t\t\t\t\t\t\t\t\t\t\t\t\n\t\t\t\t\t\t\t\t<div class=\"post-image\">\n\t\t\t\t\t\t\t\t\t<h2 class=\"post-title\">\n\t\t\t\t\t\t\t\t\t\t<a href=\"https:\/\/www.administradoraintegral.com\/?p=666\">Administraci\u00f3n Integral: \u00bbGerencie el funcionamiento de su condominio\u00bb<\/a>\n\t\t\t\t\t\t\t\t\t<\/h2>\n\t\t\t\t\t\t\t\t\t<span class=\"post-categories\">\n\t\t\t\t\t\t\t\t\t\t<a href=\"https:\/\/www.administradoraintegral.com\/?cat=9\" rel=\"category\">Blog<\/a>\t\t\t\t\t\t\t\t\t<\/span>\n\t\t\t\t\t\t\t\t\t<a class=\"featured-image\" href=\"https:\/\/www.administradoraintegral.com\/?p=666\">\n\t\t\t\t\t\t\t\t\t\t<img loading=\"lazy\" decoding=\"async\" class=\"\" src=\"https:\/\/www.administradoraintegral.com\/wp-content\/uploads\/2025\/10\/674e35ab8ddea5002c010c4f_630f6deafff460ca74c2fcc0_Consejos20prevenir20financieros20un20edificio-600x400.jpeg\" width=\"600\" height=\"400\" alt=\"674e35ab8ddea5002c010c4f_630f6deafff460ca74c2fcc0_Consejos20prevenir20financieros20un20edificio\" title=\"674e35ab8ddea5002c010c4f_630f6deafff460ca74c2fcc0_Consejos20prevenir20financieros20un20edificio\" \/>\t\t\t\t\t\t\t\t\t<\/a>\n\t\t\t\t\t\t\t\t<\/div>\n\n\t\t\t\t\t\t\t\n\t\t\t\t\t\t\n\t\t\t\t\t\t\n\t\t\t\t\t\t\t\t\t\t\t\t\n\t\t\t\t\t\t\t<div class=\"post-content\">\n\t\t\t\t\t\t\t\t<p>\n\t\t\t\t\t\t\t\t\tCon m\u00e1s de 50 a\u00f1os de experiencia, nuestro servicio bandera de administraci\u00f3n es la soluci\u00f3n complet...\t\t\t\t\t\t\t\t<\/p>\n\n\t\t\t\t\t\t\t\t\t\t\t\t\t\t\t<\/div>\n\n\t\t\t\t\t\t\t\t\t\t\t<\/div>\t\t\n\t\t\t\t<\/div>\n\n\t\t\t\t\t\t\t\t\n\t\t\t\t<div class=\"post post-2034 type-post status-publish format-standard has-post-thumbnail hentry category-blog\">\n\t\t\t\t\t<div class=\"post-inner\">\t\t\n\t\t\t\t\t\t\t\t\t\t\t\t\t\n\t\t\t\t\t\t\t\t\t\t\t\t\t\t\t\n\t\t\t\t\t\t\t\t<div class=\"post-image\">\n\t\t\t\t\t\t\t\t\t<h2 class=\"post-title\">\n\t\t\t\t\t\t\t\t\t\t<a href=\"https:\/\/www.administradoraintegral.com\/?p=2034\">Service Administrativo: \u00abTenga el control de la administraci\u00f3n de su condominio\u00bb<\/a>\n\t\t\t\t\t\t\t\t\t<\/h2>\n\t\t\t\t\t\t\t\t\t<span class=\"post-categories\">\n\t\t\t\t\t\t\t\t\t\t<a href=\"https:\/\/www.administradoraintegral.com\/?cat=9\" rel=\"category\">Blog<\/a>\t\t\t\t\t\t\t\t\t<\/span>\n\t\t\t\t\t\t\t\t\t<a class=\"featured-image\" href=\"https:\/\/www.administradoraintegral.com\/?p=2034\">\n\t\t\t\t\t\t\t\t\t\t<img loading=\"lazy\" decoding=\"async\" class=\"\" src=\"https:\/\/www.administradoraintegral.com\/wp-content\/uploads\/2025\/10\/una-persona-trabajando-con-el-teclado-del-ordenador-en-la-oficina-1-600x400.jpeg\" width=\"600\" height=\"400\" alt=\"una-persona-trabajando-con-el-teclado-del-ordenador-en-la-oficina (1)\" title=\"una-persona-trabajando-con-el-teclado-del-ordenador-en-la-oficina (1)\" \/>\t\t\t\t\t\t\t\t\t<\/a>\n\t\t\t\t\t\t\t\t<\/div>\n\n\t\t\t\t\t\t\t\n\t\t\t\t\t\t\n\t\t\t\t\t\t\n\t\t\t\t\t\t\t\t\t\t\t\t\n\t\t\t\t\t\t\t<div class=\"post-content\">\n\t\t\t\t\t\t\t\t<p>\n\t\t\t\t\t\t\t\t\tCon este producto, la Junta de Condominio mantiene el control total de la gesti\u00f3n del edificio. Admi...\t\t\t\t\t\t\t\t<\/p>\n\n\t\t\t\t\t\t\t\t\t\t\t\t\t\t\t<\/div>\n\n\t\t\t\t\t\t\t\t\t\t\t<\/div>\t\t\n\t\t\t\t<\/div>\n\n\t\t\t\t\t\t\t\t\t\t\t<\/div>\n\t\t<\/div>\n\t<\/div>[vc_empty_space height=\u00bb10px\u00bb][\/vc_column][\/vc_row][vc_row][vc_column][vc_separator color=\u00bbcustom\u00bb accent_color=\u00bbrgba(2,6,32,0.1)\u00bb][vc_empty_space height=\u00bb50px\u00bb][\/vc_column][\/vc_row][vc_row][vc_column width=\u00bb1\/4&#8243;][vc_custom_heading text=\u00bbResults\u00bb font_container=\u00bbtag:h3|text_align:left\u00bb use_theme_fonts=\u00bbyes\u00bb][vc_empty_space height=\u00bb20px\u00bb][\/vc_column][vc_column width=\u00bb3\/4&#8243;][vc_column_text]<\/p>\n<h4 class=\"no-margin-top\">Electricity Market Expansion for a Leading UK Gas Supplier<\/h4>\n<p>A leading electricity and gas retailer in the UK engaged us to help chart a course for its growing electricity portfolio. GLB analyzed and assessed processes, people and systems across all core business units, including sales, pricing, meter operations, procurement, risk and settlements. Using our recommendations and an accompanying roadmap, the utility realized multiple business benefits, including significant savings in process efficiency.[\/vc_column_text][\/vc_column][\/vc_row]<\/p>\n","protected":false},"excerpt":{"rendered":"<p>[vc_row][vc_column][vc_single_image image=\u00bb309&#8243; img_size=\u00bb1280&#215;600&#8243;][vc_empty_space height=\u00bb10px\u00bb][vc_column_text] We are Expanding our Capabilities in Key Emerging Verticals From spearheading Digital Engagement initiatives to facilitating completely new business models, we drive digital business forward in these key segments.[\/vc_column_text][vc_empty_space height=\u00bb40px\u00bb][\/vc_column][\/vc_row][vc_row][vc_column][vc_separator color=\u00bbcustom\u00bb accent_color=\u00bbrgba(2,6,32,0.1)\u00bb][vc_empty_space height=\u00bb50px\u00bb][\/vc_column][\/vc_row][vc_row][vc_column width=\u00bb1\/4&#8243;][vc_custom_heading text=\u00bbWe Serve\u00bb font_container=\u00bbtag:h3|text_align:left\u00bb use_theme_fonts=\u00bbyes\u00bb][vc_empty_space height=\u00bb20px\u00bb][\/vc_column][vc_column width=\u00bb3\/4&#8243;][vc_row_inner][vc_column_inner width=\u00bb1\/2&#8243;][vc_column_text] Oil &amp; Gas View our portfolio of business and IT [&hellip;]<\/p>\n","protected":false},"author":1,"featured_media":0,"parent":16,"menu_order":0,"comment_status":"closed","ping_status":"closed","template":"","meta":{"footnotes":""},"class_list":["post-268","page","type-page","status-publish","hentry"],"_links":{"self":[{"href":"https:\/\/www.administradoraintegral.com\/index.php?rest_route=\/wp\/v2\/pages\/268","targetHints":{"allow":["GET"]}}],"collection":[{"href":"https:\/\/www.administradoraintegral.com\/index.php?rest_route=\/wp\/v2\/pages"}],"about":[{"href":"https:\/\/www.administradoraintegral.com\/index.php?rest_route=\/wp\/v2\/types\/page"}],"author":[{"embeddable":true,"href":"https:\/\/www.administradoraintegral.com\/index.php?rest_route=\/wp\/v2\/users\/1"}],"replies":[{"embeddable":true,"href":"https:\/\/www.administradoraintegral.com\/index.php?rest_route=%2Fwp%2Fv2%2Fcomments&post=268"}],"version-history":[{"count":0,"href":"https:\/\/www.administradoraintegral.com\/index.php?rest_route=\/wp\/v2\/pages\/268\/revisions"}],"up":[{"embeddable":true,"href":"https:\/\/www.administradoraintegral.com\/index.php?rest_route=\/wp\/v2\/pages\/16"}],"wp:attachment":[{"href":"https:\/\/www.administradoraintegral.com\/index.php?rest_route=%2Fwp%2Fv2%2Fmedia&parent=268"}],"curies":[{"name":"wp","href":"https:\/\/api.w.org\/{rel}","templated":true}]}}